{"id":598,"date":"2026-01-28T10:41:45","date_gmt":"2026-01-28T09:41:45","guid":{"rendered":"https:\/\/hotelvardar.com\/location\/"},"modified":"2026-02-26T22:18:13","modified_gmt":"2026-02-26T21:18:13","slug":"location","status":"publish","type":"page","link":"https:\/\/hotelvardar.com\/en\/location\/","title":{"rendered":"Location"},"content":{"rendered":"\t\t<div data-elementor-type=\"wp-page\" data-elementor-id=\"598\" class=\"elementor elementor-598 elementor-96\" data-elementor-post-type=\"page\">\n\t\t\t\t<div class=\"elementor-element elementor-element-f247365 e-flex e-con-boxed e-con e-parent\" data-id=\"f247365\" data-element_type=\"container\" data-settings=\"{&quot;jet_parallax_layout_list&quot;:[],&quot;background_background&quot;:&quot;classic&quot;}\">\n\t\t\t\t\t<div class=\"e-con-inner\">\n\t\t<div class=\"elementor-element elementor-element-6d2e2e6 e-con-full e-flex e-con e-child\" data-id=\"6d2e2e6\" data-element_type=\"container\" data-settings=\"{&quot;jet_parallax_layout_list&quot;:[]}\">\n\t\t\t\t<\/div>\n\t\t\t\t\t<\/div>\n\t\t\t\t<\/div>\n\t\t<div class=\"elementor-element elementor-element-01540a8 e-flex e-con-boxed e-con e-parent\" data-id=\"01540a8\" data-element_type=\"container\" data-settings=\"{&quot;jet_parallax_layout_list&quot;:[]}\">\n\t\t\t\t\t<div class=\"e-con-inner\">\n\t\t<div class=\"elementor-element elementor-element-74dc3c0 e-con-full e-flex e-con e-child\" data-id=\"74dc3c0\" data-element_type=\"container\" data-settings=\"{&quot;jet_parallax_layout_list&quot;:[]}\">\n\t\t\t\t<div class=\"elementor-element elementor-element-3a85c8a elementor-widget-tablet__width-inherit elementor-widget elementor-widget-heading\" data-id=\"3a85c8a\" data-element_type=\"widget\" data-widget_type=\"heading.default\">\n\t\t\t\t<div class=\"elementor-widget-container\">\n\t\t\t\t\t<h2 class=\"elementor-heading-title elementor-size-default\">In the heart of the Old Town, at the most prestigious address in Kotor<\/h2>\t\t\t\t<\/div>\n\t\t\t\t<\/div>\n\t\t\t\t<div class=\"elementor-element elementor-element-b898b15 elementor-widget-tablet__width-inherit elementor-widget elementor-widget-text-editor\" data-id=\"b898b15\" data-element_type=\"widget\" data-widget_type=\"text-editor.default\">\n\t\t\t\t<div class=\"elementor-widget-container\">\n\t\t\t\t\t\t\t\t\t<p>Hotel Vardar is located at Trg od Oruzja, Old Town Kotor, in the very heart of the historic part of the city. It is only 90 meters from the main entrance to the Old Town. The perfect location allows guests to enjoy the historic atmosphere of Kotor while providing easy access to transportation and international airports.  <\/p>\t\t\t\t\t\t\t\t<\/div>\n\t\t\t\t<\/div>\n\t\t<div class=\"elementor-element elementor-element-a682733 e-con-full e-flex e-con e-child\" data-id=\"a682733\" data-element_type=\"container\" data-settings=\"{&quot;jet_parallax_layout_list&quot;:[]}\">\n\t\t<div class=\"elementor-element elementor-element-cc606cc e-con-full e-flex e-con e-child\" data-id=\"cc606cc\" data-element_type=\"container\" data-settings=\"{&quot;jet_parallax_layout_list&quot;:[]}\">\n\t\t\t\t<div class=\"elementor-element elementor-element-2ca471a elementor-widget elementor-widget-heading\" data-id=\"2ca471a\" data-element_type=\"widget\" data-widget_type=\"heading.default\">\n\t\t\t\t<div class=\"elementor-widget-container\">\n\t\t\t\t\t<h4 class=\"elementor-heading-title elementor-size-default\">Practical distances:<\/h4>\t\t\t\t<\/div>\n\t\t\t\t<\/div>\n\t\t\t\t<div class=\"elementor-element elementor-element-c7457c1 elementor-icon-list--layout-traditional elementor-list-item-link-full_width elementor-widget elementor-widget-icon-list\" data-id=\"c7457c1\" data-element_type=\"widget\" data-widget_type=\"icon-list.default\">\n\t\t\t\t<div class=\"elementor-widget-container\">\n\t\t\t\t\t\t\t<ul class=\"elementor-icon-list-items\">\n\t\t\t\t\t\t\t<li class=\"elementor-icon-list-item\">\n\t\t\t\t\t\t\t\t\t\t\t<span class=\"elementor-icon-list-icon\">\n\t\t\t\t\t\t\t<svg xmlns=\"http:\/\/www.w3.org\/2000\/svg\" viewBox=\"0 0 384 512\"><path d=\"M272 192C272 236.2 236.2 272 192 272C147.8 272 112 236.2 112 192C112 147.8 147.8 112 192 112C236.2 112 272 147.8 272 192zM192 160C174.3 160 160 174.3 160 192C160 209.7 174.3 224 192 224C209.7 224 224 209.7 224 192C224 174.3 209.7 160 192 160zM384 192C384 279.4 267 435 215.7 499.2C203.4 514.5 180.6 514.5 168.3 499.2C116.1 435 0 279.4 0 192C0 85.96 85.96 0 192 0C298 0 384 85.96 384 192H384zM192 48C112.5 48 48 112.5 48 192C48 204.4 52.49 223.6 63.3 249.2C73.78 274 88.66 301.4 105.8 329.1C134.2 375.3 167.2 419.1 192 451.7C216.8 419.1 249.8 375.3 278.2 329.1C295.3 301.4 310.2 274 320.7 249.2C331.5 223.6 336 204.4 336 192C336 112.5 271.5 48 192 48V48z\"><\/path><\/svg>\t\t\t\t\t\t<\/span>\n\t\t\t\t\t\t\t\t\t\t<span class=\"elementor-icon-list-text\">Gurdi\u0107 Gate: 350 m<\/span>\n\t\t\t\t\t\t\t\t\t<\/li>\n\t\t\t\t\t\t\t\t<li class=\"elementor-icon-list-item\">\n\t\t\t\t\t\t\t\t\t\t\t<span class=\"elementor-icon-list-icon\">\n\t\t\t\t\t\t\t<svg xmlns=\"http:\/\/www.w3.org\/2000\/svg\" viewBox=\"0 0 384 512\"><path d=\"M272 192C272 236.2 236.2 272 192 272C147.8 272 112 236.2 112 192C112 147.8 147.8 112 192 112C236.2 112 272 147.8 272 192zM192 160C174.3 160 160 174.3 160 192C160 209.7 174.3 224 192 224C209.7 224 224 209.7 224 192C224 174.3 209.7 160 192 160zM384 192C384 279.4 267 435 215.7 499.2C203.4 514.5 180.6 514.5 168.3 499.2C116.1 435 0 279.4 0 192C0 85.96 85.96 0 192 0C298 0 384 85.96 384 192H384zM192 48C112.5 48 48 112.5 48 192C48 204.4 52.49 223.6 63.3 249.2C73.78 274 88.66 301.4 105.8 329.1C134.2 375.3 167.2 419.1 192 451.7C216.8 419.1 249.8 375.3 278.2 329.1C295.3 301.4 310.2 274 320.7 249.2C331.5 223.6 336 204.4 336 192C336 112.5 271.5 48 192 48V48z\"><\/path><\/svg>\t\t\t\t\t\t<\/span>\n\t\t\t\t\t\t\t\t\t\t<span class=\"elementor-icon-list-text\">North gate: 290 m<\/span>\n\t\t\t\t\t\t\t\t\t<\/li>\n\t\t\t\t\t\t\t\t<li class=\"elementor-icon-list-item\">\n\t\t\t\t\t\t\t\t\t\t\t<span class=\"elementor-icon-list-icon\">\n\t\t\t\t\t\t\t<svg xmlns=\"http:\/\/www.w3.org\/2000\/svg\" viewBox=\"0 0 384 512\"><path d=\"M272 192C272 236.2 236.2 272 192 272C147.8 272 112 236.2 112 192C112 147.8 147.8 112 192 112C236.2 112 272 147.8 272 192zM192 160C174.3 160 160 174.3 160 192C160 209.7 174.3 224 192 224C209.7 224 224 209.7 224 192C224 174.3 209.7 160 192 160zM384 192C384 279.4 267 435 215.7 499.2C203.4 514.5 180.6 514.5 168.3 499.2C116.1 435 0 279.4 0 192C0 85.96 85.96 0 192 0C298 0 384 85.96 384 192H384zM192 48C112.5 48 48 112.5 48 192C48 204.4 52.49 223.6 63.3 249.2C73.78 274 88.66 301.4 105.8 329.1C134.2 375.3 167.2 419.1 192 451.7C216.8 419.1 249.8 375.3 278.2 329.1C295.3 301.4 310.2 274 320.7 249.2C331.5 223.6 336 204.4 336 192C336 112.5 271.5 48 192 48V48z\"><\/path><\/svg>\t\t\t\t\t\t<\/span>\n\t\t\t\t\t\t\t\t\t\t<span class=\"elementor-icon-list-text\">Kotor main bus station: 750 m<\/span>\n\t\t\t\t\t\t\t\t\t<\/li>\n\t\t\t\t\t\t\t\t<li class=\"elementor-icon-list-item\">\n\t\t\t\t\t\t\t\t\t\t\t<span class=\"elementor-icon-list-icon\">\n\t\t\t\t\t\t\t<svg xmlns=\"http:\/\/www.w3.org\/2000\/svg\" viewBox=\"0 0 384 512\"><path d=\"M272 192C272 236.2 236.2 272 192 272C147.8 272 112 236.2 112 192C112 147.8 147.8 112 192 112C236.2 112 272 147.8 272 192zM192 160C174.3 160 160 174.3 160 192C160 209.7 174.3 224 192 224C209.7 224 224 209.7 224 192C224 174.3 209.7 160 192 160zM384 192C384 279.4 267 435 215.7 499.2C203.4 514.5 180.6 514.5 168.3 499.2C116.1 435 0 279.4 0 192C0 85.96 85.96 0 192 0C298 0 384 85.96 384 192H384zM192 48C112.5 48 48 112.5 48 192C48 204.4 52.49 223.6 63.3 249.2C73.78 274 88.66 301.4 105.8 329.1C134.2 375.3 167.2 419.1 192 451.7C216.8 419.1 249.8 375.3 278.2 329.1C295.3 301.4 310.2 274 320.7 249.2C331.5 223.6 336 204.4 336 192C336 112.5 271.5 48 192 48V48z\"><\/path><\/svg>\t\t\t\t\t\t<\/span>\n\t\t\t\t\t\t\t\t\t\t<span class=\"elementor-icon-list-text\">Tivat Airport: 8 km<\/span>\n\t\t\t\t\t\t\t\t\t<\/li>\n\t\t\t\t\t\t\t\t<li class=\"elementor-icon-list-item\">\n\t\t\t\t\t\t\t\t\t\t\t<span class=\"elementor-icon-list-icon\">\n\t\t\t\t\t\t\t<svg xmlns=\"http:\/\/www.w3.org\/2000\/svg\" viewBox=\"0 0 384 512\"><path d=\"M272 192C272 236.2 236.2 272 192 272C147.8 272 112 236.2 112 192C112 147.8 147.8 112 192 112C236.2 112 272 147.8 272 192zM192 160C174.3 160 160 174.3 160 192C160 209.7 174.3 224 192 224C209.7 224 224 209.7 224 192C224 174.3 209.7 160 192 160zM384 192C384 279.4 267 435 215.7 499.2C203.4 514.5 180.6 514.5 168.3 499.2C116.1 435 0 279.4 0 192C0 85.96 85.96 0 192 0C298 0 384 85.96 384 192H384zM192 48C112.5 48 48 112.5 48 192C48 204.4 52.49 223.6 63.3 249.2C73.78 274 88.66 301.4 105.8 329.1C134.2 375.3 167.2 419.1 192 451.7C216.8 419.1 249.8 375.3 278.2 329.1C295.3 301.4 310.2 274 320.7 249.2C331.5 223.6 336 204.4 336 192C336 112.5 271.5 48 192 48V48z\"><\/path><\/svg>\t\t\t\t\t\t<\/span>\n\t\t\t\t\t\t\t\t\t\t<span class=\"elementor-icon-list-text\">Dubrovnik Airport: 71 km<\/span>\n\t\t\t\t\t\t\t\t\t<\/li>\n\t\t\t\t\t\t\t\t<li class=\"elementor-icon-list-item\">\n\t\t\t\t\t\t\t\t\t\t\t<span class=\"elementor-icon-list-icon\">\n\t\t\t\t\t\t\t<svg xmlns=\"http:\/\/www.w3.org\/2000\/svg\" viewBox=\"0 0 384 512\"><path d=\"M272 192C272 236.2 236.2 272 192 272C147.8 272 112 236.2 112 192C112 147.8 147.8 112 192 112C236.2 112 272 147.8 272 192zM192 160C174.3 160 160 174.3 160 192C160 209.7 174.3 224 192 224C209.7 224 224 209.7 224 192C224 174.3 209.7 160 192 160zM384 192C384 279.4 267 435 215.7 499.2C203.4 514.5 180.6 514.5 168.3 499.2C116.1 435 0 279.4 0 192C0 85.96 85.96 0 192 0C298 0 384 85.96 384 192H384zM192 48C112.5 48 48 112.5 48 192C48 204.4 52.49 223.6 63.3 249.2C73.78 274 88.66 301.4 105.8 329.1C134.2 375.3 167.2 419.1 192 451.7C216.8 419.1 249.8 375.3 278.2 329.1C295.3 301.4 310.2 274 320.7 249.2C331.5 223.6 336 204.4 336 192C336 112.5 271.5 48 192 48V48z\"><\/path><\/svg>\t\t\t\t\t\t<\/span>\n\t\t\t\t\t\t\t\t\t\t<span class=\"elementor-icon-list-text\">Podgorica Airport: 80 km<\/span>\n\t\t\t\t\t\t\t\t\t<\/li>\n\t\t\t\t\t\t<\/ul>\n\t\t\t\t\t\t<\/div>\n\t\t\t\t<\/div>\n\t\t\t\t<\/div>\n\t\t\t\t<div class=\"elementor-element elementor-element-76e0df5 elementor-widget__width-initial elementor-widget-mobile__width-inherit elementor-widget elementor-widget-google_maps\" data-id=\"76e0df5\" data-element_type=\"widget\" data-widget_type=\"google_maps.default\">\n\t\t\t\t<div class=\"elementor-widget-container\">\n\t\t\t\t\t\t\t<div class=\"elementor-custom-embed\">\n\t\t\t<iframe loading=\"lazy\"\n\t\t\t\t\tsrc=\"https:\/\/maps.google.com\/maps?q=Hotel%20Vardar%2C%20Stari%20Grad%20Kotor%2C%20Crna%20Gora&#038;t=m&#038;z=18&#038;output=embed&#038;iwloc=near\"\n\t\t\t\t\ttitle=\"Hotel Vardar, Stari Grad Kotor, Crna Gora\"\n\t\t\t\t\taria-label=\"Hotel Vardar, Stari Grad Kotor, Crna Gora\"\n\t\t\t><\/iframe>\n\t\t<\/div>\n\t\t\t\t\t\t<\/div>\n\t\t\t\t<\/div>\n\t\t\t\t<\/div>\n\t\t\t\t<\/div>\n\t\t<div class=\"elementor-element elementor-element-d22aedf e-con-full e-flex e-con e-child\" data-id=\"d22aedf\" data-element_type=\"container\" data-settings=\"{&quot;jet_parallax_layout_list&quot;:[]}\">\n\t\t\t\t<div class=\"elementor-element elementor-element-843fc2b elementor-widget-tablet__width-inherit elementor-widget elementor-widget-heading\" data-id=\"843fc2b\" data-element_type=\"widget\" data-widget_type=\"heading.default\">\n\t\t\t\t<div class=\"elementor-widget-container\">\n\t\t\t\t\t<h2 class=\"elementor-heading-title elementor-size-default\">Popular tourist attractions in the vicinity of Hotel Vardar<\/h2>\t\t\t\t<\/div>\n\t\t\t\t<\/div>\n\t\t\t\t<div class=\"elementor-element elementor-element-34b07ca elementor-icon-list--layout-traditional elementor-list-item-link-full_width elementor-widget elementor-widget-icon-list\" data-id=\"34b07ca\" data-element_type=\"widget\" data-widget_type=\"icon-list.default\">\n\t\t\t\t<div class=\"elementor-widget-container\">\n\t\t\t\t\t\t\t<ul class=\"elementor-icon-list-items\">\n\t\t\t\t\t\t\t<li class=\"elementor-icon-list-item\">\n\t\t\t\t\t\t\t\t\t\t\t<span class=\"elementor-icon-list-icon\">\n\t\t\t\t\t\t\t<svg xmlns=\"http:\/\/www.w3.org\/2000\/svg\" viewBox=\"0 0 384 512\"><path d=\"M272 192C272 236.2 236.2 272 192 272C147.8 272 112 236.2 112 192C112 147.8 147.8 112 192 112C236.2 112 272 147.8 272 192zM192 160C174.3 160 160 174.3 160 192C160 209.7 174.3 224 192 224C209.7 224 224 209.7 224 192C224 174.3 209.7 160 192 160zM384 192C384 279.4 267 435 215.7 499.2C203.4 514.5 180.6 514.5 168.3 499.2C116.1 435 0 279.4 0 192C0 85.96 85.96 0 192 0C298 0 384 85.96 384 192H384zM192 48C112.5 48 48 112.5 48 192C48 204.4 52.49 223.6 63.3 249.2C73.78 274 88.66 301.4 105.8 329.1C134.2 375.3 167.2 419.1 192 451.7C216.8 419.1 249.8 375.3 278.2 329.1C295.3 301.4 310.2 274 320.7 249.2C331.5 223.6 336 204.4 336 192C336 112.5 271.5 48 192 48V48z\"><\/path><\/svg>\t\t\t\t\t\t<\/span>\n\t\t\t\t\t\t\t\t\t\t<span class=\"elementor-icon-list-text\">Perast and Gospa od \u0160krpjela \u2013 A baroque place and a famous island with a church, ideal for a half-day excursion. Distance from the hotel: 12 km. <\/span>\n\t\t\t\t\t\t\t\t\t<\/li>\n\t\t\t\t\t\t\t\t<li class=\"elementor-icon-list-item\">\n\t\t\t\t\t\t\t\t\t\t\t<span class=\"elementor-icon-list-icon\">\n\t\t\t\t\t\t\t<svg xmlns=\"http:\/\/www.w3.org\/2000\/svg\" viewBox=\"0 0 384 512\"><path d=\"M272 192C272 236.2 236.2 272 192 272C147.8 272 112 236.2 112 192C112 147.8 147.8 112 192 112C236.2 112 272 147.8 272 192zM192 160C174.3 160 160 174.3 160 192C160 209.7 174.3 224 192 224C209.7 224 224 209.7 224 192C224 174.3 209.7 160 192 160zM384 192C384 279.4 267 435 215.7 499.2C203.4 514.5 180.6 514.5 168.3 499.2C116.1 435 0 279.4 0 192C0 85.96 85.96 0 192 0C298 0 384 85.96 384 192H384zM192 48C112.5 48 48 112.5 48 192C48 204.4 52.49 223.6 63.3 249.2C73.78 274 88.66 301.4 105.8 329.1C134.2 375.3 167.2 419.1 192 451.7C216.8 419.1 249.8 375.3 278.2 329.1C295.3 301.4 310.2 274 320.7 249.2C331.5 223.6 336 204.4 336 192C336 112.5 271.5 48 192 48V48z\"><\/path><\/svg>\t\t\t\t\t\t<\/span>\n\t\t\t\t\t\t\t\t\t\t<span class=\"elementor-icon-list-text\">San Giovanni Fortress \u2013 An impressive fortress above the Old Town that offers a panoramic view of Boka Kotorska. Distance from the hotel: 0.5 km (to the beginning of the climb). <\/span>\n\t\t\t\t\t\t\t\t\t<\/li>\n\t\t\t\t\t\t\t\t<li class=\"elementor-icon-list-item\">\n\t\t\t\t\t\t\t\t\t\t\t<span class=\"elementor-icon-list-icon\">\n\t\t\t\t\t\t\t<svg xmlns=\"http:\/\/www.w3.org\/2000\/svg\" viewBox=\"0 0 384 512\"><path d=\"M272 192C272 236.2 236.2 272 192 272C147.8 272 112 236.2 112 192C112 147.8 147.8 112 192 112C236.2 112 272 147.8 272 192zM192 160C174.3 160 160 174.3 160 192C160 209.7 174.3 224 192 224C209.7 224 224 209.7 224 192C224 174.3 209.7 160 192 160zM384 192C384 279.4 267 435 215.7 499.2C203.4 514.5 180.6 514.5 168.3 499.2C116.1 435 0 279.4 0 192C0 85.96 85.96 0 192 0C298 0 384 85.96 384 192H384zM192 48C112.5 48 48 112.5 48 192C48 204.4 52.49 223.6 63.3 249.2C73.78 274 88.66 301.4 105.8 329.1C134.2 375.3 167.2 419.1 192 451.7C216.8 419.1 249.8 375.3 278.2 329.1C295.3 301.4 310.2 274 320.7 249.2C331.5 223.6 336 204.4 336 192C336 112.5 271.5 48 192 48V48z\"><\/path><\/svg>\t\t\t\t\t\t<\/span>\n\t\t\t\t\t\t\t\t\t\t<span class=\"elementor-icon-list-text\">City Beach Kotor - A perfect place for relaxation and swimming along the coast of the Bay of Kotor. Distance from the hotel: 0.3 km. <\/span>\n\t\t\t\t\t\t\t\t\t<\/li>\n\t\t\t\t\t\t\t\t<li class=\"elementor-icon-list-item\">\n\t\t\t\t\t\t\t\t\t\t\t<span class=\"elementor-icon-list-icon\">\n\t\t\t\t\t\t\t<svg xmlns=\"http:\/\/www.w3.org\/2000\/svg\" viewBox=\"0 0 384 512\"><path d=\"M272 192C272 236.2 236.2 272 192 272C147.8 272 112 236.2 112 192C112 147.8 147.8 112 192 112C236.2 112 272 147.8 272 192zM192 160C174.3 160 160 174.3 160 192C160 209.7 174.3 224 192 224C209.7 224 224 209.7 224 192C224 174.3 209.7 160 192 160zM384 192C384 279.4 267 435 215.7 499.2C203.4 514.5 180.6 514.5 168.3 499.2C116.1 435 0 279.4 0 192C0 85.96 85.96 0 192 0C298 0 384 85.96 384 192H384zM192 48C112.5 48 48 112.5 48 192C48 204.4 52.49 223.6 63.3 249.2C73.78 274 88.66 301.4 105.8 329.1C134.2 375.3 167.2 419.1 192 451.7C216.8 419.1 249.8 375.3 278.2 329.1C295.3 301.4 310.2 274 320.7 249.2C331.5 223.6 336 204.4 336 192C336 112.5 271.5 48 192 48V48z\"><\/path><\/svg>\t\t\t\t\t\t<\/span>\n\t\t\t\t\t\t\t\t\t\t<span class=\"elementor-icon-list-text\">Lov\u0107en and Njegu\u0161i National Park - Mountain excursion to the Mausoleum of Peter II Petrovi\u0107 Njego\u0161 and the traditional village of Njegu\u0161i. Distance from the hotel: 32 km. <\/span>\n\t\t\t\t\t\t\t\t\t<\/li>\n\t\t\t\t\t\t\t\t<li class=\"elementor-icon-list-item\">\n\t\t\t\t\t\t\t\t\t\t\t<span class=\"elementor-icon-list-icon\">\n\t\t\t\t\t\t\t<svg xmlns=\"http:\/\/www.w3.org\/2000\/svg\" viewBox=\"0 0 384 512\"><path d=\"M272 192C272 236.2 236.2 272 192 272C147.8 272 112 236.2 112 192C112 147.8 147.8 112 192 112C236.2 112 272 147.8 272 192zM192 160C174.3 160 160 174.3 160 192C160 209.7 174.3 224 192 224C209.7 224 224 209.7 224 192C224 174.3 209.7 160 192 160zM384 192C384 279.4 267 435 215.7 499.2C203.4 514.5 180.6 514.5 168.3 499.2C116.1 435 0 279.4 0 192C0 85.96 85.96 0 192 0C298 0 384 85.96 384 192H384zM192 48C112.5 48 48 112.5 48 192C48 204.4 52.49 223.6 63.3 249.2C73.78 274 88.66 301.4 105.8 329.1C134.2 375.3 167.2 419.1 192 451.7C216.8 419.1 249.8 375.3 278.2 329.1C295.3 301.4 310.2 274 320.7 249.2C331.5 223.6 336 204.4 336 192C336 112.5 271.5 48 192 48V48z\"><\/path><\/svg>\t\t\t\t\t\t<\/span>\n\t\t\t\t\t\t\t\t\t\t<span class=\"elementor-icon-list-text\">Budva - Old town and beaches - Popular Montenegrin destination for a combination of culture and enjoyment on the beaches. Distance from the hotel: 23 km. <\/span>\n\t\t\t\t\t\t\t\t\t<\/li>\n\t\t\t\t\t\t\t\t<li class=\"elementor-icon-list-item\">\n\t\t\t\t\t\t\t\t\t\t\t<span class=\"elementor-icon-list-icon\">\n\t\t\t\t\t\t\t<svg xmlns=\"http:\/\/www.w3.org\/2000\/svg\" viewBox=\"0 0 384 512\"><path d=\"M272 192C272 236.2 236.2 272 192 272C147.8 272 112 236.2 112 192C112 147.8 147.8 112 192 112C236.2 112 272 147.8 272 192zM192 160C174.3 160 160 174.3 160 192C160 209.7 174.3 224 192 224C209.7 224 224 209.7 224 192C224 174.3 209.7 160 192 160zM384 192C384 279.4 267 435 215.7 499.2C203.4 514.5 180.6 514.5 168.3 499.2C116.1 435 0 279.4 0 192C0 85.96 85.96 0 192 0C298 0 384 85.96 384 192H384zM192 48C112.5 48 48 112.5 48 192C48 204.4 52.49 223.6 63.3 249.2C73.78 274 88.66 301.4 105.8 329.1C134.2 375.3 167.2 419.1 192 451.7C216.8 419.1 249.8 375.3 278.2 329.1C295.3 301.4 310.2 274 320.7 249.2C331.5 223.6 336 204.4 336 192C336 112.5 271.5 48 192 48V48z\"><\/path><\/svg>\t\t\t\t\t\t<\/span>\n\t\t\t\t\t\t\t\t\t\t<span class=\"elementor-icon-list-text\">Blue Cave \u2013 A natural sea cave on the Lu\u0161tica peninsula, accessible by organized boat tours. Distance from the hotel: 16 km (to the port for boat transfer). <\/span>\n\t\t\t\t\t\t\t\t\t<\/li>\n\t\t\t\t\t\t\t\t<li class=\"elementor-icon-list-item\">\n\t\t\t\t\t\t\t\t\t\t\t<span class=\"elementor-icon-list-icon\">\n\t\t\t\t\t\t\t<svg xmlns=\"http:\/\/www.w3.org\/2000\/svg\" viewBox=\"0 0 384 512\"><path d=\"M272 192C272 236.2 236.2 272 192 272C147.8 272 112 236.2 112 192C112 147.8 147.8 112 192 112C236.2 112 272 147.8 272 192zM192 160C174.3 160 160 174.3 160 192C160 209.7 174.3 224 192 224C209.7 224 224 209.7 224 192C224 174.3 209.7 160 192 160zM384 192C384 279.4 267 435 215.7 499.2C203.4 514.5 180.6 514.5 168.3 499.2C116.1 435 0 279.4 0 192C0 85.96 85.96 0 192 0C298 0 384 85.96 384 192H384zM192 48C112.5 48 48 112.5 48 192C48 204.4 52.49 223.6 63.3 249.2C73.78 274 88.66 301.4 105.8 329.1C134.2 375.3 167.2 419.1 192 451.7C216.8 419.1 249.8 375.3 278.2 329.1C295.3 301.4 310.2 274 320.7 249.2C331.5 223.6 336 204.4 336 192C336 112.5 271.5 48 192 48V48z\"><\/path><\/svg>\t\t\t\t\t\t<\/span>\n\t\t\t\t\t\t\t\t\t\t<span class=\"elementor-icon-list-text\">Tivat and Porto Montenegro - Modern marina and luxurious port with restaurants, promenades and yachts. Distance from the hotel: 10 km. <\/span>\n\t\t\t\t\t\t\t\t\t<\/li>\n\t\t\t\t\t\t<\/ul>\n\t\t\t\t\t\t<\/div>\n\t\t\t\t<\/div>\n\t\t\t\t<div class=\"elementor-element elementor-element-fa2dff0 elementor-widget-tablet__width-inherit elementor-widget elementor-widget-heading\" data-id=\"fa2dff0\" data-element_type=\"widget\" data-widget_type=\"heading.default\">\n\t\t\t\t<div class=\"elementor-widget-container\">\n\t\t\t\t\t<h2 class=\"elementor-heading-title elementor-size-default\">Transfer<\/h2>\t\t\t\t<\/div>\n\t\t\t\t<\/div>\n\t\t\t\t<div class=\"elementor-element elementor-element-3adc0c4 elementor-widget-tablet__width-inherit elementor-widget elementor-widget-text-editor\" data-id=\"3adc0c4\" data-element_type=\"widget\" data-widget_type=\"text-editor.default\">\n\t\t\t\t<div class=\"elementor-widget-container\">\n\t\t\t\t\t\t\t\t\t<p>For hotel guests, there is the possibility of organizing a transfer from\/to the airport or other locations. Transfer booking is possible no later than 24 hours before arrival, so that the stay is completely carefree. <\/p>\t\t\t\t\t\t\t\t<\/div>\n\t\t\t\t<\/div>\n\t\t\t\t<\/div>\n\t\t\t\t\t<\/div>\n\t\t\t\t<\/div>\n\t\t\t\t<\/div>\n\t\t","protected":false},"excerpt":{"rendered":"<p>In the heart of the Old Town, at the most prestigious address in Kotor Hotel Vardar is located at Trg od Oruzja, Old Town Kotor, in the very heart of the historic part of the city. It is only 90 meters from the main entrance to the Old Town. The perfect location allows guests to [&hellip;]<\/p>\n","protected":false},"author":1,"featured_media":0,"parent":0,"menu_order":0,"comment_status":"closed","ping_status":"closed","template":"","meta":{"_seopress_robots_primary_cat":"","_seopress_titles_title":"","_seopress_titles_desc":"In the heart of the Old Town, at the most prestigious address in Kotor, Hotel Vardar is located at Trg od Oru\u017eja, Old Town Kotor, in the very heart of the historic part of the city.","_seopress_robots_index":"","footnotes":""},"class_list":["post-598","page","type-page","status-publish","hentry"],"_links":{"self":[{"href":"https:\/\/hotelvardar.com\/en\/wp-json\/wp\/v2\/pages\/598","targetHints":{"allow":["GET"]}}],"collection":[{"href":"https:\/\/hotelvardar.com\/en\/wp-json\/wp\/v2\/pages"}],"about":[{"href":"https:\/\/hotelvardar.com\/en\/wp-json\/wp\/v2\/types\/page"}],"author":[{"embeddable":true,"href":"https:\/\/hotelvardar.com\/en\/wp-json\/wp\/v2\/users\/1"}],"replies":[{"embeddable":true,"href":"https:\/\/hotelvardar.com\/en\/wp-json\/wp\/v2\/comments?post=598"}],"version-history":[{"count":1,"href":"https:\/\/hotelvardar.com\/en\/wp-json\/wp\/v2\/pages\/598\/revisions"}],"predecessor-version":[{"id":599,"href":"https:\/\/hotelvardar.com\/en\/wp-json\/wp\/v2\/pages\/598\/revisions\/599"}],"wp:attachment":[{"href":"https:\/\/hotelvardar.com\/en\/wp-json\/wp\/v2\/media?parent=598"}],"curies":[{"name":"wp","href":"https:\/\/api.w.org\/{rel}","templated":true}]}}